{"id":50,"date":"2018-08-01T14:21:16","date_gmt":"2018-08-01T12:21:16","guid":{"rendered":"https:\/\/card.papido.it\/premi\/?page_id=50"},"modified":"2018-08-01T14:56:08","modified_gmt":"2018-08-01T12:56:08","slug":"regolamento","status":"publish","type":"page","link":"https:\/\/card.papido.it\/premi\/regolamento\/","title":{"rendered":"Regolamento"},"content":{"rendered":"<p><strong>1) Natura dell\u2019Iniziativa<\/strong><br \/>\nRaccolta Punti, ottenimento sconti e promozioni, partecipazione ai premi messi in palio.<\/p>\n<p><strong>2) Destinatari dell\u2019Iniziativa<\/strong><br \/>\nLa Raccolta Punti \u00e8 a titolo completamente gratuito ed \u00e8 destinata esclusivamente ai Titolari della Fidelity Card, di seguito \u201cCarta\u201d, rilasciata da PRENOTI.IT S.r.l.s. di seguito \u201cEmittente\u201d.<\/p>\n<p><strong>3) Raccolta punti<\/strong><br \/>\nLa Raccolta Punti \u00e8 basata semplicemente sugli ingressi in discoteca, ristoranti, locali ecc&#8230; Tutti quegli eventi promossi da papido.it e nello specifico nella <a href=\"https:\/\/card.papido.it\/premi\/premi\/\">seguente tabella<\/a>.<\/p>\n<p><strong>4) Modalit\u00e0 di svolgimento della raccolta punti<\/strong><\/p>\n<p><strong>4.1) Accumulo dei punti<\/strong><br \/>\nI punti possono essere accumulati solo ed esclusivamente quanto previsto dal regolamento nella \u201c<a href=\"https:\/\/card.papido.it\/premi\/come-si-accumulano-punti\/\">Raccolta punti<\/a>\u201d.<br \/>\nNel corso dell\u2019iniziativa l\u2019Emittente potr\u00e0 decidere di erogare punti aggiuntivi, vedendo la partecipazione del Titolare a:<br \/>\n\u2013 estendere la sfera pubblicitaria dell\u2019Emittente (post facebook; instagram; twitter; internet; foto; sfondi personali; striscioni; cover; ecc&#8230;);<\/p>\n<p><strong>4.3) Utilizzo dei punti<\/strong><br \/>\nUna volta accumulato un determinato quantitativo di punti, in regola con le modalit\u00e0 qui &#8220;<a href=\"https:\/\/card.papido.it\/premi\/premi\/\">Premi<\/a>&#8220;, il Titolare della Carta avr\u00e0 diritto a ricevere dall\u2019Emittente, gratuitamente i premi\/sconti\/promozioni\/premi secondo le modalit\u00e0 riportate al punto 4.4).<\/p>\n<p><strong>4.4) Premi in palio<\/strong><br \/>\nUn volta raggiunto il punteggio in base alla tabella &#8220;<a href=\"https:\/\/card.papido.it\/premi\/premi\/\">Premi<\/a>&#8221;\u00a0 , il Titolare ha diritto ad ottenere a scelta cos\u00ec come riportato nella tabella&#8221;<a href=\"https:\/\/card.papido.it\/premi\/premi\/\">Premi<\/a>&#8220;.<\/p>\n<p><strong>5) Azzeramento dei punti<\/strong><br \/>\nUna volta utilizzati i punti per il raggiungimento di sconto\/promozione\/premio, questi verranno azzerati e si inizia da zero punti. Stesso concetto quando si raggiunge il limite massimo di 10.000 punti.<\/p>\n<p><strong>6) Premi mensili<\/strong><br \/>\nOgni mese, l\u2019Emittente permette ai Titolari della Carta di ricevere fantastici premi in regalo, partecipando all\u2019estrazione di numeri vincenti.<\/p>\n<p>L\u2019estrazione si tiene alle ore 16,00 dell\u2019ultimo giorno del mese e verr\u00e0 pubblicato il numero vincente corrispondente al seriale della Carta personalizzata sul sito\u00a0https:\/\/card.papido.it\/.<\/p>\n<p><strong>6) Ritiro dei premi<\/strong><br \/>\nI premi messi in palio dall\u2019Emittente potranno essere ritirati o utilizzati direttamente presso il partnership .<\/p>\n<p>Dopo tale data i punti verranno azzerati e non avranno pi\u00f9 alcuna validit\u00e0 n\u00e9 daranno diritto ad alcun rimborso.<\/p>\n","protected":false},"excerpt":{"rendered":"<p>1) Natura dell\u2019Iniziativa Raccolta Punti, ottenimento sconti e promozioni, partecipazione ai premi messi in palio. 2) Destinatari dell\u2019Iniziativa La Raccolta Punti \u00e8 a titolo completamente gratuito ed \u00e8 destinata esclusivamente ai Titolari della Fidelity Card, di seguito \u201cCarta\u201d, rilasciata da PRENOTI.IT S.r.l.s. di seguito \u201cEmittente\u201d. 3) Raccolta punti La Raccolta Punti \u00e8 basata semplicemente sugli [&hellip;]<\/p>\n","protected":false},"author":1,"featured_media":0,"parent":0,"menu_order":0,"comment_status":"closed","ping_status":"closed","template":"","meta":{"footnotes":""},"_links":{"self":[{"href":"https:\/\/card.papido.it\/premi\/wp-json\/wp\/v2\/pages\/50"}],"collection":[{"href":"https:\/\/card.papido.it\/premi\/wp-json\/wp\/v2\/pages"}],"about":[{"href":"https:\/\/card.papido.it\/premi\/wp-json\/wp\/v2\/types\/page"}],"author":[{"embeddable":true,"href":"https:\/\/card.papido.it\/premi\/wp-json\/wp\/v2\/users\/1"}],"replies":[{"embeddable":true,"href":"https:\/\/card.papido.it\/premi\/wp-json\/wp\/v2\/comments?post=50"}],"version-history":[{"count":9,"href":"https:\/\/card.papido.it\/premi\/wp-json\/wp\/v2\/pages\/50\/revisions"}],"predecessor-version":[{"id":60,"href":"https:\/\/card.papido.it\/premi\/wp-json\/wp\/v2\/pages\/50\/revisions\/60"}],"wp:attachment":[{"href":"https:\/\/card.papido.it\/premi\/wp-json\/wp\/v2\/media?parent=50"}],"curies":[{"name":"wp","href":"https:\/\/api.w.org\/{rel}","templated":true}]}}