{"id":37,"date":"2018-08-01T07:58:16","date_gmt":"2018-08-01T05:58:16","guid":{"rendered":"https:\/\/card.papido.it\/premi\/?page_id=37"},"modified":"2018-08-01T14:10:15","modified_gmt":"2018-08-01T12:10:15","slug":"termini-e-condizioni","status":"publish","type":"page","link":"https:\/\/card.papido.it\/premi\/termini-e-condizioni\/","title":{"rendered":"Termini e condizioni"},"content":{"rendered":"<p><strong>Art. 1) Destinatari della Carta<\/strong><br \/>\nLa Fidelity Card \u00e8 destinata esclusivamente ai clienti di PAPIDO.IT, di seguito \u201cEmittente\u201d.<\/p>\n<p><strong>Art. 2) Cos\u2019\u00e8 la Fidelity Card Virtuale<\/strong><br \/>\nLa Fidelity Card Virtuale, di seguito \u201cCarta\u201d, consente al Titolare di raccogliere punti, ricevere sconti per i locali, ristoranti, discoteche. eventi e sui servizi in merito alla realizzazione di un party personalizzato, ottenere promozioni e ritirare i <a href=\"https:\/\/card.papido.it\/premi\/premi\/\">premi<\/a>. La Carta \u00e8 personale ed \u00e8 contraddistinta da un numero seriale. Il Titolare ha diritto ad una sola Carta ed \u00e8 tenuto a farne un uso esclusivamente privato e non commerciale.<\/p>\n<p><strong>Art. 3) Rilascio della Carta<\/strong><br \/>\nLa Carta \u00e8 rilasciata a titolo completamente gratuito, previa compilazione in maniera corretta e completa del modulo di sottoscrizione. La mancata, incompleta o non veritiera compilazione del modulo comporter\u00e0 l\u2019impossibilit\u00e0 del rilascio o la revoca della Carta stessa. Il Titolare si impegna inoltre a comunicare all\u2019Emittente eventuali variazioni dei suoi dati personali. I dati forniti dal Titolare saranno trattati dall\u2019Emittente conformemente a quanto previsto dalla normativa in materia di protezione dei dati personali (D.Lgs n. 196\/2003 \u201cCodice della Privacy\u201d), come specificato nell\u2019apposita Informativa fornita ai sensi dell\u2019art. 13 del D.Lgs 30\/06\/2010 n. 196. Il modulo di sottoscrizione deve essere scaricato ed inviato all\u2019indirizzo e-mail:<\/p>\n<p><strong>Art. 4) Utilizzo della Carta<\/strong><br \/>\nPer usufruire dei benefici connessi alla Carta, \u00e8 necessario:<br \/>\n\u2013 inserire nei form di prenotazione sul portale di papido.it la propria user name;<br \/>\n\u2013 andare al locale, ristorante, discoteche, eventi ecc&#8230;;<br \/>\n\u2013 identificarsi e farsi registrare dai sitemi di check in per aver accreditati i punti.<\/p>\n<p><strong>Art. 5) Smarrimento, danneggiamento, furto, manipolazione, contraffazione o disfunzionamento della Carta<\/strong><br \/>\nIn caso di smarrimento, danneggiamento o furto della Carta, il Titolare \u00e8 tenuto a comunicarlo tempestivamente all\u2019Emittente, che, previa verifica dei dati identificativi del Titolare stesso, si impegna ad annullare e sostituire la vecchia Carta con una nuova e ad accreditare su quest\u2019ultima, nei tempi tecnici necessari, tutti i benefici eventualmente accumulati e non utilizzati. L\u2019Emittente si riserva il diritto di verificare la validit\u00e0 delle Carte presentate e di rifiutare quelle che risultino contraffatte o comunque fatte oggetto di manipolazione. Nei casi di contraffazione o manipolazione, il Titolare non avr\u00e0 diritto al riconoscimento n\u00e9 al rimborso di alcun beneficio eventualmente accumulato e non utilizzato. L\u2019Emittente non \u00e8 responsabile dell\u2019eventuale utilizzo fraudolento, improprio o abusivo della Carta. L\u2019Emittente si impegna comunque a fare tutto il possibile per garantire ai Titolari il recupero dei benefici eventualmente accumulati e non utilizzati.<\/p>\n<p><strong>Art. 6) Restituzione della Carta<\/strong><br \/>\nIl Titolare pu\u00f2, in qualunque momento, restituire la propria Carta all\u2019Emittente. La restituzione comporta la rinuncia ad ogni beneficio eventualmente accumulato e non utilizzato.<\/p>\n<p><strong>Art. 7) Validit\u00e0 e revoca della Carta<\/strong><br \/>\nLa Carta non ha scadenza, ma l\u2019Emittente si riserva il diritto di revocarla in ogni momento e senza alcun preavviso, nel caso in cui la stessa non sia utilizzata o nel caso ne venga effettuato un utilizzo fraudolento o non corretto o lesivo nei confronti dell\u2019Emittente o comunque in caso di uso in violazione del presente regolamento. La revoca comporta l\u2019annullamento della Carta e la cancellazione di ogni beneficio eventualmente accumulato e non utilizzato. L\u2019Emittente si riserva il diritto di richiedere la restituzione di eventuali benefici acquisiti illecitamente (punti, premi, sconti, altro), nonch\u00e9 di intraprendere eventuali azioni legali nei confronti del Titolare stesso. La sottoscrizione della Carta implica l\u2019accettazione delle condizioni previste nel presente Regolamento.<\/p>\n<p><strong>ALLEGATO A)<\/strong><\/p>\n<p>Regolamento Iniziativa<\/p>\n<p>1) Natura dell\u2019Iniziativa<br \/>\nRaccolta Punti, ottenimento sconti e promozioni, partecipazione ai premi messi in palio.<\/p>\n<p>2) Destinatari dell\u2019Iniziativa<br \/>\nLa Raccolta Punti \u00e8 a titolo completamente gratuito ed \u00e8 destinata esclusivamente ai Titolari della Fidelity Card, di seguito \u201cCarta\u201d, rilasciata da PRENOTI.IT S.r.l.s. di seguito \u201cEmittente\u201d.<\/p>\n<p>3) Raccolta punti<br \/>\nLa Raccolta Punti \u00e8 basata semplicemente sull\u2019interessamento del Titolare di rivestire la figura di promoter ed interessarsi a procurare servizi per l\u2019Emittente, allargando la sua sfera di clientela. Ad ogni chiamata e prenotazione pilotata, il Titolare ha diritto all\u2019ottenimento di 5 punti.<\/p>\n<p>4) Modalit\u00e0 di svolgimento della raccolta punti<\/p>\n<p>4.1) Accumulo dei punti<\/p>\n<p>I punti possono essere accumulati solo ed esclusivamente quanto previsto dal regolamento nella \u201cRaccolta punti\u201d.<\/p>\n<p>Nel corso dell\u2019iniziativa l\u2019Emittente potr\u00e0 decidere di erogare punti aggiuntivi, vedendo la partecipazione del Titolare a:<\/p>\n<p>\u2013 estendere la sfera pubblicitaria dell\u2019Emittente (post facebook; instagram; twitter; internet; foto; sfondi personali; striscioni; cover);<\/p>\n<p>\u2013 svolgere un buon lavoro come promoter nella ricerca di nuovi clienti.<\/p>\n<p>4.3) Utilizzo dei punti<\/p>\n<p>Una volta accumulato un determinato quantitativo di punti, in regola con le modalit\u00e0 sopra indicate, il Titolare della Carta avr\u00e0 diritto a ricevere dall\u2019Emittente, gratuitamente i premi\/sconti\/promozioni\/premi secondo le modalit\u00e0 riportate al punto 4.4).<\/p>\n<p>4.4) Premi in palio<\/p>\n<p>Un volta raggiunto il punteggio di 30 punti (i punti verranno comunicati di volta in volta al Titolare) che \u00e8 la quotazione minima, il Titolare ha diritto ad ottenere a scelta cos\u00ec come riportato nella grafica:<\/p>\n<p>tabella-premi<\/p>\n<p>1) uno sconto sui servizi richiesti;<\/p>\n<p>2) una promozione con un\u2019aggiunta di servizi in pi\u00f9 rispetto a quanti richiesti per l\u2019organizzazione di quell\u2019evento personalizzato;<\/p>\n<p>3) un premio.<\/p>\n<p>5) Azzeramento dei punti<\/p>\n<p>Una volta utilizzati i punti per il raggiungimento di sconto\/promozione\/premio, questi verranno azzerati e si rinizia daccapo. Stesso concetto quando si raggiunge il limite massimo di 100 punti.<\/p>\n<p>6) Premi mensili<\/p>\n<p>Ogni mese, l\u2019Emittente permette ai Titolari della Carta di ricevere fantastici premi in regalo, partecipando all\u2019estrazione di numeri vincenti.<\/p>\n<p>L\u2019estrazione si tiene alle ore 16,00 dell\u2019ultimo giorno del mese e verr\u00e0 pubblicato il numero vincente corrispondente al seriale della Carta personalizzata sul sito www.caputotecnosound.com.<\/p>\n<p>6) Ritiro dei premi<\/p>\n<p>I premi messi in palio dall\u2019Emittente potranno essere ritirati o utilizzati direttamente presso il partnership .<\/p>\n<p>Dopo tale data i punti verranno azzerati e non avranno pi\u00f9 alcuna validit\u00e0 n\u00e9 daranno diritto ad alcun rimborso.<\/p>\n<p>Compila il form per richiedere la tua card personalizzata!<\/p>\n","protected":false},"excerpt":{"rendered":"<p>Art. 1) Destinatari della Carta La Fidelity Card \u00e8 destinata esclusivamente ai clienti di PAPIDO.IT, di seguito \u201cEmittente\u201d. Art. 2) Cos\u2019\u00e8 la Fidelity Card Virtuale La Fidelity Card Virtuale, di seguito \u201cCarta\u201d, consente al Titolare di raccogliere punti, ricevere sconti per i locali, ristoranti, discoteche. eventi e sui servizi in merito alla realizzazione di un [&hellip;]<\/p>\n","protected":false},"author":1,"featured_media":0,"parent":0,"menu_order":0,"comment_status":"closed","ping_status":"closed","template":"","meta":{"footnotes":""},"_links":{"self":[{"href":"https:\/\/card.papido.it\/premi\/wp-json\/wp\/v2\/pages\/37"}],"collection":[{"href":"https:\/\/card.papido.it\/premi\/wp-json\/wp\/v2\/pages"}],"about":[{"href":"https:\/\/card.papido.it\/premi\/wp-json\/wp\/v2\/types\/page"}],"author":[{"embeddable":true,"href":"https:\/\/card.papido.it\/premi\/wp-json\/wp\/v2\/users\/1"}],"replies":[{"embeddable":true,"href":"https:\/\/card.papido.it\/premi\/wp-json\/wp\/v2\/comments?post=37"}],"version-history":[{"count":12,"href":"https:\/\/card.papido.it\/premi\/wp-json\/wp\/v2\/pages\/37\/revisions"}],"predecessor-version":[{"id":49,"href":"https:\/\/card.papido.it\/premi\/wp-json\/wp\/v2\/pages\/37\/revisions\/49"}],"wp:attachment":[{"href":"https:\/\/card.papido.it\/premi\/wp-json\/wp\/v2\/media?parent=37"}],"curies":[{"name":"wp","href":"https:\/\/api.w.org\/{rel}","templated":true}]}}